{"id":625,"date":"2025-07-22T11:50:54","date_gmt":"2025-07-22T11:50:54","guid":{"rendered":"https:\/\/www.blackblock.sk\/?page_id=625"},"modified":"2026-03-24T09:37:53","modified_gmt":"2026-03-24T08:37:53","slug":"rezervacia","status":"publish","type":"page","link":"https:\/\/www.blackblock.sk\/en\/rezervacia","title":{"rendered":"Booking"},"content":{"rendered":"<div data-elementor-type=\"wp-page\" data-elementor-id=\"625\" class=\"elementor elementor-625\" data-elementor-post-type=\"page\">\n\t\t\t\t<div class=\"elementor-element elementor-element-e9b8f04 e-flex e-con-boxed e-con e-parent\" data-id=\"e9b8f04\" data-element_type=\"container\">\n\t\t\t\t\t<div class=\"e-con-inner\">\n\t\t\t\t<div class=\"elementor-element elementor-element-af0255d elementor-widget__width-inherit elementor-widget elementor-widget-text-editor\" data-id=\"af0255d\" data-element_type=\"widget\" data-widget_type=\"text-editor.default\">\n\t\t\t\t\t\t\t\t\t<h5><strong>Want to come today?<\/strong><\/h5><h5>Call or write on WhatsApp:<br \/><strong>0905 702103<br \/><\/strong>or online chat.<strong><br \/><\/strong>(if we have a free slot, we'll make an appointment)<\/h5>\t\t\t\t\t\t\t\t<\/div>\n\t\t\t\t\t<\/div>\n\t\t\t\t<\/div>\n\t\t<div class=\"elementor-element elementor-element-beed14a e-flex e-con-boxed e-con e-parent\" data-id=\"beed14a\" data-element_type=\"container\">\n\t\t\t\t\t<div class=\"e-con-inner\">\n\t\t\t\t<div class=\"elementor-element elementor-element-900b2fb elementor-widget elementor-widget-text-editor\" data-id=\"900b2fb\" data-element_type=\"widget\" data-widget_type=\"text-editor.default\">\n\t\t\t\t\t\t\t\t\t<h6>You can book online for dates starting tomorrow for the next 10 days.<\/h6><h6>Choose what you want to book:<\/h6>\t\t\t\t\t\t\t\t<\/div>\n\t\t<div class=\"elementor-element elementor-element-454a0a0 e-con-full e-flex e-con e-child\" data-id=\"454a0a0\" data-element_type=\"container\">\n\t\t\t\t<div class=\"elementor-element elementor-element-59c86f7 elementor-invisible elementor-widget elementor-widget-latepoint_book_button\" data-id=\"59c86f7\" data-element_type=\"widget\" data-settings=\"{&quot;_animation&quot;:&quot;bounceInUp&quot;}\" data-widget_type=\"latepoint_book_button.default\">\n\t\t\t\t<div class=\"elementor-widget-container\">\n\t\t\t\t\t<div class=\"latepoint-book-button-wrapper elementor-button-wrapper\"><a href=\"#\" class=\"latepoint-book-button os_trigger_booking elementor-button elementor-button-link elementor-size-sm\" data-selected-location=\"3\" data-selected-agent=\"2\" data-selected-service-category=\"4\" data-hide-side-panel=\"no\" data-hide-summary=\"no\" >QUIZ Arena<\/a><\/div>\t\t\t\t<\/div>\n\t\t\t\t<\/div>\n\t\t\t\t<\/div>\n\t\t<div class=\"elementor-element elementor-element-f51407b e-con-full e-flex e-con e-child\" data-id=\"f51407b\" data-element_type=\"container\">\n\t\t\t\t<div class=\"elementor-element elementor-element-e5dc491 elementor-invisible elementor-widget elementor-widget-latepoint_book_button\" data-id=\"e5dc491\" data-element_type=\"widget\" data-settings=\"{&quot;_animation&quot;:&quot;bounceInUp&quot;}\" data-widget_type=\"latepoint_book_button.default\">\n\t\t\t\t<div class=\"elementor-widget-container\">\n\t\t\t\t\t<div class=\"latepoint-book-button-wrapper elementor-button-wrapper\"><a href=\"#\" class=\"latepoint-book-button os_trigger_booking elementor-button elementor-button-link elementor-size-sm\" data-selected-location=\"1\" data-selected-agent=\"1\" data-selected-service-category=\"2\" data-hide-side-panel=\"no\" data-hide-summary=\"no\" >VR Escape Room<\/a><\/div>\t\t\t\t<\/div>\n\t\t\t\t<\/div>\n\t\t\t\t<\/div>\n\t\t<div class=\"elementor-element elementor-element-1c4a6a6 e-con-full e-flex e-con e-child\" data-id=\"1c4a6a6\" data-element_type=\"container\">\n\t\t\t\t<div class=\"elementor-element elementor-element-b915858 elementor-invisible elementor-widget elementor-widget-latepoint_book_button\" data-id=\"b915858\" data-element_type=\"widget\" data-settings=\"{&quot;_animation&quot;:&quot;bounceInUp&quot;}\" data-widget_type=\"latepoint_book_button.default\">\n\t\t\t\t<div class=\"elementor-widget-container\">\n\t\t\t\t\t<div class=\"latepoint-book-button-wrapper elementor-button-wrapper\"><a href=\"#\" class=\"latepoint-book-button os_trigger_booking elementor-button elementor-button-link elementor-size-sm\" data-selected-location=\"1\" data-selected-agent=\"1\" data-selected-service-category=\"3\" data-hide-side-panel=\"no\" data-hide-summary=\"no\" >Classic Escape Room<\/a><\/div>\t\t\t\t<\/div>\n\t\t\t\t<\/div>\n\t\t\t\t<\/div>\n\t\t<div class=\"elementor-element elementor-element-daee9a8 e-con-full e-flex e-con e-child\" data-id=\"daee9a8\" data-element_type=\"container\">\n\t\t\t\t<div class=\"elementor-element elementor-element-c093506 elementor-invisible elementor-widget elementor-widget-latepoint_book_button\" data-id=\"c093506\" data-element_type=\"widget\" data-settings=\"{&quot;_animation&quot;:&quot;bounceInUp&quot;}\" data-widget_type=\"latepoint_book_button.default\">\n\t\t\t\t<div class=\"elementor-widget-container\">\n\t\t\t\t\t<div class=\"latepoint-book-button-wrapper elementor-button-wrapper\"><a href=\"#\" class=\"latepoint-book-button os_trigger_booking elementor-button elementor-button-link elementor-size-sm\" data-selected-location=\"1\" data-selected-agent=\"1\" data-selected-service-category=\"1\" data-hide-side-panel=\"no\" data-hide-summary=\"no\" >VR Shooter<\/a><\/div>\t\t\t\t<\/div>\n\t\t\t\t<\/div>\n\t\t\t\t<\/div>\n\t\t<div class=\"elementor-element elementor-element-21c7b97 e-con-full e-flex e-con e-child\" data-id=\"21c7b97\" data-element_type=\"container\">\n\t\t\t\t<div class=\"elementor-element elementor-element-5348f88 elementor-invisible elementor-widget elementor-widget-latepoint_book_button\" data-id=\"5348f88\" data-element_type=\"widget\" data-settings=\"{&quot;_animation&quot;:&quot;bounceInUp&quot;}\" data-widget_type=\"latepoint_book_button.default\">\n\t\t\t\t<div class=\"elementor-widget-container\">\n\t\t\t\t\t<div class=\"latepoint-book-button-wrapper elementor-button-wrapper\"><a href=\"#\" class=\"latepoint-book-button os_trigger_booking elementor-button elementor-button-link elementor-size-sm\" data-selected-location=\"1\" data-selected-agent=\"1\" data-selected-service-category=\"5\" data-hide-side-panel=\"no\" data-hide-summary=\"no\" >VR Gaming Stations<\/a><\/div>\t\t\t\t<\/div>\n\t\t\t\t<\/div>\n\t\t\t\t<\/div>\n\t\t\t\t\t<\/div>\n\t\t\t\t<\/div>\n\t\t<div class=\"elementor-element elementor-element-f0ed465 e-flex e-con-boxed e-con e-parent\" data-id=\"f0ed465\" data-element_type=\"container\">\n\t\t\t\t\t<div class=\"e-con-inner\">\n\t\t\t\t<div class=\"elementor-element elementor-element-9470ede elementor-widget__width-initial elementor-hidden-desktop elementor-hidden-tablet elementor-hidden-mobile elementor-widget elementor-widget-text-editor\" data-id=\"9470ede\" data-element_type=\"widget\" data-widget_type=\"text-editor.default\">\n\t\t\t\t\t\t\t\t\t<h3><strong>QUIZ Arena<\/strong><\/h3><h5>To book a quiz game, please call or email via WhatsApp:<br \/><strong>0905 702103<\/strong><\/h5><p><a href=\"https:\/\/www.blackblock.sk\/en\/quiz-arena\/\">More about QUIZ Arena<\/a><\/p>\t\t\t\t\t\t\t\t<\/div>\n\t\t\t\t\t<\/div>\n\t\t\t\t<\/div>\n\t\t<div class=\"elementor-element elementor-element-96f35f0 e-flex e-con-boxed e-con e-parent\" data-id=\"96f35f0\" data-element_type=\"container\">\n\t\t\t\t\t<div class=\"e-con-inner\">\n\t\t\t\t<div class=\"elementor-element elementor-element-554c82c elementor-widget elementor-widget-spacer\" data-id=\"554c82c\" data-element_type=\"widget\" data-widget_type=\"spacer.default\">\n\t\t\t\t\t\t\t<div class=\"elementor-spacer\">\n\t\t\t<div class=\"elementor-spacer-inner\"><\/div>\n\t\t<\/div>\n\t\t\t\t\t\t<\/div>\n\t\t\t\t\t<\/div>\n\t\t\t\t<\/div>\n\t\t\t\t<\/div>","protected":false},"excerpt":{"rendered":"<p>Chcete pr\u00eds\u0165 e\u0161te dnes? Zavolajte, alebo nap\u00ed\u0161te na WhatsApp:0905 702103alebo na on-line chat.(ak bude nie\u010do vo\u013en\u00e9, dohodneme sa) Rezerv\u00e1cie on-line m\u00f4\u017eete urobi\u0165 na term\u00edny od zajtra<span class=\"excerpt-hellip\"> [\u2026]<\/span><\/p>","protected":false},"author":1,"featured_media":0,"parent":0,"menu_order":0,"comment_status":"closed","ping_status":"closed","template":"","meta":{"_acf_changed":false,"footnotes":""},"class_list":["post-625","page","type-page","status-publish","hentry"],"acf":[],"yoast_head":"<!-- This site is optimized with the Yoast SEO Premium plugin v25.7.1 (Yoast SEO v25.7) - https:\/\/yoast.com\/wordpress\/plugins\/seo\/ -->\n<title>Vyberte si term\u00edn Va\u0161ej hry - Rezerv\u00e1cia - BLACK BLOCK<\/title>\n<meta name=\"description\" content=\"Term\u00edn hry si treba dopredu rezervova\u0165. Vyu\u017eite n\u00e1\u0161 on-line rezerva\u010dn\u00fd syst\u00e9m, alebo volajte\/WhatsApp na 0905 702103 a dohodneme sa.\" \/>\n<meta name=\"robots\" content=\"index, follow, max-snippet:-1, max-image-preview:large, max-video-preview:-1\" \/>\n<link rel=\"canonical\" href=\"https:\/\/www.blackblock.sk\/en\/rezervacia\/\" \/>\n<meta property=\"og:locale\" content=\"en_GB\" \/>\n<meta property=\"og:type\" content=\"article\" \/>\n<meta property=\"og:title\" content=\"Rezerv\u00e1cia\" \/>\n<meta property=\"og:description\" content=\"Term\u00edn hry si treba dopredu rezervova\u0165. Vyu\u017eite n\u00e1\u0161 on-line rezerva\u010dn\u00fd syst\u00e9m, alebo volajte\/WhatsApp na 0905 702103 a dohodneme sa.\" \/>\n<meta property=\"og:url\" content=\"https:\/\/www.blackblock.sk\/en\/rezervacia\/\" \/>\n<meta property=\"og:site_name\" content=\"BLACK BLOCK\" \/>\n<meta property=\"article:publisher\" content=\"https:\/\/www.facebook.com\/vrarenablackblock\" \/>\n<meta property=\"article:modified_time\" content=\"2026-03-24T08:37:53+00:00\" \/>\n<meta name=\"twitter:card\" content=\"summary_large_image\" \/>\n<script type=\"application\/ld+json\" class=\"yoast-schema-graph\">{\"@context\":\"https:\/\/schema.org\",\"@graph\":[{\"@type\":\"WebPage\",\"@id\":\"https:\/\/www.blackblock.sk\/rezervacia\",\"url\":\"https:\/\/www.blackblock.sk\/rezervacia\",\"name\":\"Vyberte si term\u00edn Va\u0161ej hry - Rezerv\u00e1cia - BLACK BLOCK\",\"isPartOf\":{\"@id\":\"https:\/\/www.blackblock.sk\/#website\"},\"datePublished\":\"2025-07-22T11:50:54+00:00\",\"dateModified\":\"2026-03-24T08:37:53+00:00\",\"description\":\"Term\u00edn hry si treba dopredu rezervova\u0165. Vyu\u017eite n\u00e1\u0161 on-line rezerva\u010dn\u00fd syst\u00e9m, alebo volajte\/WhatsApp na 0905 702103 a dohodneme sa.\",\"breadcrumb\":{\"@id\":\"https:\/\/www.blackblock.sk\/rezervacia#breadcrumb\"},\"inLanguage\":\"en-GB\",\"potentialAction\":[{\"@type\":\"ReadAction\",\"target\":[\"https:\/\/www.blackblock.sk\/rezervacia\"]}]},{\"@type\":\"BreadcrumbList\",\"@id\":\"https:\/\/www.blackblock.sk\/rezervacia#breadcrumb\",\"itemListElement\":[{\"@type\":\"ListItem\",\"position\":1,\"name\":\"Domovsk\u00e1 str\u00e1nka\",\"item\":\"https:\/\/www.blackblock.sk\/\"},{\"@type\":\"ListItem\",\"position\":2,\"name\":\"Rezerv\u00e1cia\"}]},{\"@type\":\"WebSite\",\"@id\":\"https:\/\/www.blackblock.sk\/#website\",\"url\":\"https:\/\/www.blackblock.sk\/\",\"name\":\"BLACK BLOCK\",\"description\":\"Z\u00e1bava na r\u00f4znych frontoch - VR, Escape, Quiz\",\"publisher\":{\"@id\":\"https:\/\/www.blackblock.sk\/#organization\"},\"potentialAction\":[{\"@type\":\"SearchAction\",\"target\":{\"@type\":\"EntryPoint\",\"urlTemplate\":\"https:\/\/www.blackblock.sk\/?s={search_term_string}\"},\"query-input\":{\"@type\":\"PropertyValueSpecification\",\"valueRequired\":true,\"valueName\":\"search_term_string\"}}],\"inLanguage\":\"en-GB\"},{\"@type\":\"Organization\",\"@id\":\"https:\/\/www.blackblock.sk\/#organization\",\"name\":\"BLACK BLOCK\",\"url\":\"https:\/\/www.blackblock.sk\/\",\"logo\":{\"@type\":\"ImageObject\",\"inLanguage\":\"en-GB\",\"@id\":\"https:\/\/www.blackblock.sk\/#\/schema\/logo\/image\/\",\"url\":\"https:\/\/www.blackblock.sk\/wp-content\/uploads\/2025\/07\/blackblock-escape-white-notext.png\",\"contentUrl\":\"https:\/\/www.blackblock.sk\/wp-content\/uploads\/2025\/07\/blackblock-escape-white-notext.png\",\"width\":622,\"height\":285,\"caption\":\"BLACK BLOCK\"},\"image\":{\"@id\":\"https:\/\/www.blackblock.sk\/#\/schema\/logo\/image\/\"},\"sameAs\":[\"https:\/\/www.facebook.com\/vrarenablackblock\",\"https:\/\/www.instagram.com\/blackblockzilina\/\"],\"description\":\"Z\u00e1bavn\u00e9 centrum s virtu\u00e1lnou realitou a\u017e pre 8 hr\u00e1\u010dov spolo\u010dne, s modern\u00fdmi \u00fanikov\u00fdmi hrami a interakt\u00edvou kv\u00edzovou hrou Quiz Arena a\u017e pre 12 hr\u00e1\u010dov.\",\"email\":\"arena@blackblock.sk\",\"telephone\":\"+421905702103\",\"legalName\":\"Epic Adventures, s.r.o.\",\"numberOfEmployees\":{\"@type\":\"QuantitativeValue\",\"minValue\":\"1\",\"maxValue\":\"10\"}}]}<\/script>\n<!-- \/ Yoast SEO Premium plugin. -->","yoast_head_json":{"title":"Vyberte si term\u00edn Va\u0161ej hry - Rezerv\u00e1cia - BLACK BLOCK","description":"Term\u00edn hry si treba dopredu rezervova\u0165. Vyu\u017eite n\u00e1\u0161 on-line rezerva\u010dn\u00fd syst\u00e9m, alebo volajte\/WhatsApp na 0905 702103 a dohodneme sa.","robots":{"index":"index","follow":"follow","max-snippet":"max-snippet:-1","max-image-preview":"max-image-preview:large","max-video-preview":"max-video-preview:-1"},"canonical":"https:\/\/www.blackblock.sk\/en\/rezervacia\/","og_locale":"en_GB","og_type":"article","og_title":"Rezerv\u00e1cia","og_description":"Term\u00edn hry si treba dopredu rezervova\u0165. Vyu\u017eite n\u00e1\u0161 on-line rezerva\u010dn\u00fd syst\u00e9m, alebo volajte\/WhatsApp na 0905 702103 a dohodneme sa.","og_url":"https:\/\/www.blackblock.sk\/en\/rezervacia\/","og_site_name":"BLACK BLOCK","article_publisher":"https:\/\/www.facebook.com\/vrarenablackblock","article_modified_time":"2026-03-24T08:37:53+00:00","twitter_card":"summary_large_image","schema":{"@context":"https:\/\/schema.org","@graph":[{"@type":"WebPage","@id":"https:\/\/www.blackblock.sk\/rezervacia","url":"https:\/\/www.blackblock.sk\/rezervacia","name":"Vyberte si term\u00edn Va\u0161ej hry - Rezerv\u00e1cia - BLACK BLOCK","isPartOf":{"@id":"https:\/\/www.blackblock.sk\/#website"},"datePublished":"2025-07-22T11:50:54+00:00","dateModified":"2026-03-24T08:37:53+00:00","description":"Term\u00edn hry si treba dopredu rezervova\u0165. Vyu\u017eite n\u00e1\u0161 on-line rezerva\u010dn\u00fd syst\u00e9m, alebo volajte\/WhatsApp na 0905 702103 a dohodneme sa.","breadcrumb":{"@id":"https:\/\/www.blackblock.sk\/rezervacia#breadcrumb"},"inLanguage":"en-GB","potentialAction":[{"@type":"ReadAction","target":["https:\/\/www.blackblock.sk\/rezervacia"]}]},{"@type":"BreadcrumbList","@id":"https:\/\/www.blackblock.sk\/rezervacia#breadcrumb","itemListElement":[{"@type":"ListItem","position":1,"name":"Domovsk\u00e1 str\u00e1nka","item":"https:\/\/www.blackblock.sk\/"},{"@type":"ListItem","position":2,"name":"Rezerv\u00e1cia"}]},{"@type":"WebSite","@id":"https:\/\/www.blackblock.sk\/#website","url":"https:\/\/www.blackblock.sk\/","name":"BLACK BLOCK","description":"Fun on different fronts - VR, Escape, Quiz","publisher":{"@id":"https:\/\/www.blackblock.sk\/#organization"},"potentialAction":[{"@type":"SearchAction","target":{"@type":"EntryPoint","urlTemplate":"https:\/\/www.blackblock.sk\/?s={search_term_string}"},"query-input":{"@type":"PropertyValueSpecification","valueRequired":true,"valueName":"search_term_string"}}],"inLanguage":"en-GB"},{"@type":"Organization","@id":"https:\/\/www.blackblock.sk\/#organization","name":"BLACK BLOCK","url":"https:\/\/www.blackblock.sk\/","logo":{"@type":"ImageObject","inLanguage":"en-GB","@id":"https:\/\/www.blackblock.sk\/#\/schema\/logo\/image\/","url":"https:\/\/www.blackblock.sk\/wp-content\/uploads\/2025\/07\/blackblock-escape-white-notext.png","contentUrl":"https:\/\/www.blackblock.sk\/wp-content\/uploads\/2025\/07\/blackblock-escape-white-notext.png","width":622,"height":285,"caption":"BLACK BLOCK"},"image":{"@id":"https:\/\/www.blackblock.sk\/#\/schema\/logo\/image\/"},"sameAs":["https:\/\/www.facebook.com\/vrarenablackblock","https:\/\/www.instagram.com\/blackblockzilina\/"],"description":"A virtual reality entertainment centre for up to 8 players together, with modern escape games and the interactive quiz game Quiz Arena for up to 12 players.","email":"arena@blackblock.sk","telephone":"+421905702103","legalName":"Epic Adventures, s.r.o.","numberOfEmployees":{"@type":"QuantitativeValue","minValue":"1","maxValue":"10"}}]}},"_links":{"self":[{"href":"https:\/\/www.blackblock.sk\/en\/wp-json\/wp\/v2\/pages\/625","targetHints":{"allow":["GET"]}}],"collection":[{"href":"https:\/\/www.blackblock.sk\/en\/wp-json\/wp\/v2\/pages"}],"about":[{"href":"https:\/\/www.blackblock.sk\/en\/wp-json\/wp\/v2\/types\/page"}],"author":[{"embeddable":true,"href":"https:\/\/www.blackblock.sk\/en\/wp-json\/wp\/v2\/users\/1"}],"replies":[{"embeddable":true,"href":"https:\/\/www.blackblock.sk\/en\/wp-json\/wp\/v2\/comments?post=625"}],"version-history":[{"count":0,"href":"https:\/\/www.blackblock.sk\/en\/wp-json\/wp\/v2\/pages\/625\/revisions"}],"wp:attachment":[{"href":"https:\/\/www.blackblock.sk\/en\/wp-json\/wp\/v2\/media?parent=625"}],"curies":[{"name":"wp","href":"https:\/\/api.w.org\/{rel}","templated":true}]}}