{"id":307,"date":"2025-07-06T19:23:32","date_gmt":"2025-07-06T19:23:32","guid":{"rendered":"https:\/\/www.blackblock.sk\/?page_id=307"},"modified":"2025-09-23T10:13:29","modified_gmt":"2025-09-23T08:13:29","slug":"strielacky-vo-vr","status":"publish","type":"page","link":"https:\/\/www.blackblock.sk\/en\/strielacky-vo-vr","title":{"rendered":"Shooters in VR"},"content":{"rendered":"<div data-elementor-type=\"wp-page\" data-elementor-id=\"307\" class=\"elementor elementor-307\" data-elementor-post-type=\"page\">\n\t\t\t\t<div class=\"elementor-element elementor-element-6827055 e-flex e-con-boxed e-con e-parent\" data-id=\"6827055\" data-element_type=\"container\">\n\t\t\t\t\t<div class=\"e-con-inner\">\n\t\t\t\t<div class=\"elementor-element elementor-element-ff6b86e elementor-invisible elementor-widget elementor-widget-text-editor\" data-id=\"ff6b86e\" data-element_type=\"widget\" data-settings=\"{&quot;_animation&quot;:&quot;bounceInUp&quot;}\" data-widget_type=\"text-editor.default\">\n\t\t\t\t\t\t\t\t\t<div class=\"whitespace-pre-wrap md\"><h6>Virtual reality shooters are like action movies! Enter a world where you can shoot enemies with no consequences (and no need to clean up).<\/h6><h6>Each player puts on a VR headset, and then the experience begins, full of tension and, most importantly, fun. It's also a decent physical activity! You'll be dodging, bending... which means your body can get quite a workout too.<\/h6><h6>Shooting each other is the perfect way to get your energy out and experience action that you just don't get to experience.<\/h6><\/div>\t\t\t\t\t\t\t\t<\/div>\n\t\t\t\t\t<\/div>\n\t\t\t\t<\/div>\n\t\t<div class=\"elementor-element elementor-element-f047196 e-flex e-con-boxed e-con e-parent\" data-id=\"f047196\" data-element_type=\"container\">\n\t\t\t\t\t<div class=\"e-con-inner\">\n\t\t\t\t<div class=\"elementor-element elementor-element-8a8bf17 elementor-posts--align-center elementor-grid-3 elementor-grid-tablet-2 elementor-grid-mobile-1 elementor-posts--thumbnail-top elementor-invisible elementor-widget elementor-widget-posts\" data-id=\"8a8bf17\" data-element_type=\"widget\" data-settings=\"{&quot;classic_row_gap&quot;:{&quot;unit&quot;:&quot;px&quot;,&quot;size&quot;:30,&quot;sizes&quot;:[]},&quot;classic_row_gap_mobile&quot;:{&quot;unit&quot;:&quot;px&quot;,&quot;size&quot;:10,&quot;sizes&quot;:[]},&quot;_animation&quot;:&quot;bounceInUp&quot;,&quot;classic_columns&quot;:&quot;3&quot;,&quot;classic_columns_tablet&quot;:&quot;2&quot;,&quot;classic_columns_mobile&quot;:&quot;1&quot;,&quot;classic_row_gap_tablet&quot;:{&quot;unit&quot;:&quot;px&quot;,&quot;size&quot;:&quot;&quot;,&quot;sizes&quot;:[]}}\" data-widget_type=\"posts.classic\">\n\t\t\t\t<div class=\"elementor-widget-container\">\n\t\t\t\t\t\t\t<div class=\"elementor-posts-container elementor-posts elementor-posts--skin-classic elementor-grid\">\n\t\t\t\t<article class=\"elementor-post elementor-grid-item post-331 strielacky-vo-vr type-strielacky-vo-vr status-publish has-post-thumbnail hentry\">\n\t\t\t\t<a class=\"elementor-post__thumbnail__link\" href=\"https:\/\/www.blackblock.sk\/en\/strielacky-vo-vr\/arvi-arena\" tabindex=\"-1\" >\n\t\t\t<div class=\"elementor-post__thumbnail\"><img fetchpriority=\"high\" decoding=\"async\" width=\"500\" height=\"500\" src=\"https:\/\/www.blackblock.sk\/wp-content\/uploads\/2025\/07\/arvi-arena.jpg\" class=\"attachment-medium size-medium wp-image-856\" alt=\"\" srcset=\"https:\/\/www.blackblock.sk\/wp-content\/uploads\/2025\/07\/arvi-arena.jpg 500w, https:\/\/www.blackblock.sk\/wp-content\/uploads\/2025\/07\/arvi-arena-300x300.jpg 300w, https:\/\/www.blackblock.sk\/wp-content\/uploads\/2025\/07\/arvi-arena-12x12.jpg 12w, https:\/\/www.blackblock.sk\/wp-content\/uploads\/2025\/07\/arvi-arena-150x150.jpg 150w, https:\/\/www.blackblock.sk\/wp-content\/uploads\/2025\/07\/arvi-arena-75x75.jpg 75w, https:\/\/www.blackblock.sk\/wp-content\/uploads\/2025\/07\/arvi-arena-480x480.jpg 480w\" sizes=\"(max-width:767px) 480px, 500px\" \/><\/div>\n\t\t<\/a>\n\t\t\t\t<div class=\"elementor-post__text\">\n\t\t\t\t<h3 class=\"elementor-post__title\">\n\t\t\t<a href=\"https:\/\/www.blackblock.sk\/en\/strielacky-vo-vr\/arvi-arena\" >\n\t\t\t\tARVI ARENA\t\t\t<\/a>\n\t\t<\/h3>\n\t\t\t\t<\/div>\n\t\t\t\t<\/article>\n\t\t\t\t<article class=\"elementor-post elementor-grid-item post-342 strielacky-vo-vr type-strielacky-vo-vr status-publish has-post-thumbnail hentry\">\n\t\t\t\t<a class=\"elementor-post__thumbnail__link\" href=\"https:\/\/www.blackblock.sk\/en\/strielacky-vo-vr\/smash-point\" tabindex=\"-1\" >\n\t\t\t<div class=\"elementor-post__thumbnail\"><img decoding=\"async\" width=\"500\" height=\"500\" src=\"https:\/\/www.blackblock.sk\/wp-content\/uploads\/2025\/07\/smashpoint.jpg\" class=\"attachment-medium size-medium wp-image-857\" alt=\"\" srcset=\"https:\/\/www.blackblock.sk\/wp-content\/uploads\/2025\/07\/smashpoint.jpg 500w, https:\/\/www.blackblock.sk\/wp-content\/uploads\/2025\/07\/smashpoint-300x300.jpg 300w, https:\/\/www.blackblock.sk\/wp-content\/uploads\/2025\/07\/smashpoint-12x12.jpg 12w, https:\/\/www.blackblock.sk\/wp-content\/uploads\/2025\/07\/smashpoint-150x150.jpg 150w, https:\/\/www.blackblock.sk\/wp-content\/uploads\/2025\/07\/smashpoint-75x75.jpg 75w, https:\/\/www.blackblock.sk\/wp-content\/uploads\/2025\/07\/smashpoint-480x480.jpg 480w\" sizes=\"(max-width:767px) 480px, 500px\" \/><\/div>\n\t\t<\/a>\n\t\t\t\t<div class=\"elementor-post__text\">\n\t\t\t\t<h3 class=\"elementor-post__title\">\n\t\t\t<a href=\"https:\/\/www.blackblock.sk\/en\/strielacky-vo-vr\/smash-point\" >\n\t\t\t\tSMASH POINT\t\t\t<\/a>\n\t\t<\/h3>\n\t\t\t\t<\/div>\n\t\t\t\t<\/article>\n\t\t\t\t<article class=\"elementor-post elementor-grid-item post-389 strielacky-vo-vr type-strielacky-vo-vr status-publish has-post-thumbnail hentry\">\n\t\t\t\t<a class=\"elementor-post__thumbnail__link\" href=\"https:\/\/www.blackblock.sk\/en\/strielacky-vo-vr\/gunslinger\" tabindex=\"-1\" >\n\t\t\t<div class=\"elementor-post__thumbnail\"><img decoding=\"async\" width=\"500\" height=\"500\" src=\"https:\/\/www.blackblock.sk\/wp-content\/uploads\/2025\/07\/3-1-500x500.jpg\" class=\"attachment-medium size-medium wp-image-390\" alt=\"\" srcset=\"https:\/\/www.blackblock.sk\/wp-content\/uploads\/2025\/07\/3-1-500x500.jpg 500w, https:\/\/www.blackblock.sk\/wp-content\/uploads\/2025\/07\/3-1-1200x1200.jpg 1200w, https:\/\/www.blackblock.sk\/wp-content\/uploads\/2025\/07\/3-1-300x300.jpg 300w, https:\/\/www.blackblock.sk\/wp-content\/uploads\/2025\/07\/3-1-768x768.jpg 768w, https:\/\/www.blackblock.sk\/wp-content\/uploads\/2025\/07\/3-1-1536x1536.jpg 1536w, https:\/\/www.blackblock.sk\/wp-content\/uploads\/2025\/07\/3-1-150x150.jpg 150w, https:\/\/www.blackblock.sk\/wp-content\/uploads\/2025\/07\/3-1-75x75.jpg 75w, https:\/\/www.blackblock.sk\/wp-content\/uploads\/2025\/07\/3-1-480x480.jpg 480w, https:\/\/www.blackblock.sk\/wp-content\/uploads\/2025\/07\/3-1.jpg 2048w\" sizes=\"(max-width:767px) 480px, 500px\" \/><\/div>\n\t\t<\/a>\n\t\t\t\t<div class=\"elementor-post__text\">\n\t\t\t\t<h3 class=\"elementor-post__title\">\n\t\t\t<a href=\"https:\/\/www.blackblock.sk\/en\/strielacky-vo-vr\/gunslinger\" >\n\t\t\t\tGUNSLINGER\t\t\t<\/a>\n\t\t<\/h3>\n\t\t\t\t<\/div>\n\t\t\t\t<\/article>\n\t\t\t\t<article class=\"elementor-post elementor-grid-item post-1388 strielacky-vo-vr type-strielacky-vo-vr status-publish has-post-thumbnail hentry\">\n\t\t\t\t<a class=\"elementor-post__thumbnail__link\" href=\"https:\/\/www.blackblock.sk\/en\/strielacky-vo-vr\/star-force\" tabindex=\"-1\" >\n\t\t\t<div class=\"elementor-post__thumbnail\"><img loading=\"lazy\" decoding=\"async\" width=\"500\" height=\"500\" src=\"https:\/\/www.blackblock.sk\/wp-content\/uploads\/2025\/08\/star-force2.jpg\" class=\"attachment-medium size-medium wp-image-1401\" alt=\"\" srcset=\"https:\/\/www.blackblock.sk\/wp-content\/uploads\/2025\/08\/star-force2.jpg 500w, https:\/\/www.blackblock.sk\/wp-content\/uploads\/2025\/08\/star-force2-300x300.jpg 300w, https:\/\/www.blackblock.sk\/wp-content\/uploads\/2025\/08\/star-force2-12x12.jpg 12w, https:\/\/www.blackblock.sk\/wp-content\/uploads\/2025\/08\/star-force2-150x150.jpg 150w, https:\/\/www.blackblock.sk\/wp-content\/uploads\/2025\/08\/star-force2-75x75.jpg 75w, https:\/\/www.blackblock.sk\/wp-content\/uploads\/2025\/08\/star-force2-480x480.jpg 480w\" sizes=\"(max-width:767px) 480px, 500px\" \/><\/div>\n\t\t<\/a>\n\t\t\t\t<div class=\"elementor-post__text\">\n\t\t\t\t<h3 class=\"elementor-post__title\">\n\t\t\t<a href=\"https:\/\/www.blackblock.sk\/en\/strielacky-vo-vr\/star-force\" >\n\t\t\t\tSTAR FORCE\t\t\t<\/a>\n\t\t<\/h3>\n\t\t\t\t<\/div>\n\t\t\t\t<\/article>\n\t\t\t\t<article class=\"elementor-post elementor-grid-item post-858 strielacky-vo-vr type-strielacky-vo-vr status-publish has-post-thumbnail hentry\">\n\t\t\t\t<a class=\"elementor-post__thumbnail__link\" href=\"https:\/\/www.blackblock.sk\/en\/strielacky-vo-vr\/archer\" tabindex=\"-1\" >\n\t\t\t<div class=\"elementor-post__thumbnail\"><img loading=\"lazy\" decoding=\"async\" width=\"500\" height=\"500\" src=\"https:\/\/www.blackblock.sk\/wp-content\/uploads\/2025\/08\/archer.jpg\" class=\"attachment-medium size-medium wp-image-867\" alt=\"\" srcset=\"https:\/\/www.blackblock.sk\/wp-content\/uploads\/2025\/08\/archer.jpg 500w, https:\/\/www.blackblock.sk\/wp-content\/uploads\/2025\/08\/archer-300x300.jpg 300w, https:\/\/www.blackblock.sk\/wp-content\/uploads\/2025\/08\/archer-12x12.jpg 12w, https:\/\/www.blackblock.sk\/wp-content\/uploads\/2025\/08\/archer-150x150.jpg 150w, https:\/\/www.blackblock.sk\/wp-content\/uploads\/2025\/08\/archer-75x75.jpg 75w, https:\/\/www.blackblock.sk\/wp-content\/uploads\/2025\/08\/archer-480x480.jpg 480w\" sizes=\"(max-width:767px) 480px, 500px\" \/><\/div>\n\t\t<\/a>\n\t\t\t\t<div class=\"elementor-post__text\">\n\t\t\t\t<h3 class=\"elementor-post__title\">\n\t\t\t<a href=\"https:\/\/www.blackblock.sk\/en\/strielacky-vo-vr\/archer\" >\n\t\t\t\tARCHER\t\t\t<\/a>\n\t\t<\/h3>\n\t\t\t\t<\/div>\n\t\t\t\t<\/article>\n\t\t\t\t<\/div>\n\t\t\n\t\t\t\t\t\t<\/div>\n\t\t\t\t<\/div>\n\t\t\t\t\t<\/div>\n\t\t\t\t<\/div>\n\t\t<div class=\"elementor-element elementor-element-5238c05 e-flex e-con-boxed e-con e-parent\" data-id=\"5238c05\" data-element_type=\"container\">\n\t\t\t\t\t<div class=\"e-con-inner\">\n\t\t\t\t<div class=\"elementor-element elementor-element-a1537c8 elementor-widget elementor-widget-spacer\" data-id=\"a1537c8\" data-element_type=\"widget\" data-widget_type=\"spacer.default\">\n\t\t\t\t\t\t\t<div class=\"elementor-spacer\">\n\t\t\t<div class=\"elementor-spacer-inner\"><\/div>\n\t\t<\/div>\n\t\t\t\t\t\t<\/div>\n\t\t\t\t\t<\/div>\n\t\t\t\t<\/div>\n\t\t\t\t<\/div>","protected":false},"excerpt":{"rendered":"<p>Strie\u013ea\u010dky vo virtu\u00e1lnej realite s\u00fa ako ak\u010dn\u00e9 filmy! Vst\u00fapte do sveta, kde m\u00f4\u017eete strie\u013ea\u0165 na nepriate\u013eov bez n\u00e1sledkov (a bez potreby upratova\u0165). Ka\u017ed\u00fd hr\u00e1\u010d si d\u00e1<\/p>","protected":false},"author":1,"featured_media":0,"parent":0,"menu_order":0,"comment_status":"closed","ping_status":"closed","template":"","meta":{"_acf_changed":false,"footnotes":""},"class_list":["post-307","page","type-page","status-publish","hentry"],"acf":[],"yoast_head":"<!-- This site is optimized with the Yoast SEO Premium plugin v25.7.1 (Yoast SEO v25.7) - https:\/\/yoast.com\/wordpress\/plugins\/seo\/ -->\n<title>VR strie\u013ea\u010dky lep\u0161ie ako Laser Game - Strie\u013ea\u010dky vo VR - BLACK BLOCK<\/title>\n<meta name=\"description\" content=\"Perfektn\u00e1 z\u00e1bava a\u017e pre 8 hr\u00e1\u010dov spolo\u010dne. VR Strie\u013ea\u010dky vo virtu\u00e1lnej realite s\u00fa dobrodru\u017estv\u00e1 pln\u00e9 akcie a prekvapen\u00ed.\" \/>\n<meta name=\"robots\" content=\"index, follow, max-snippet:-1, max-image-preview:large, max-video-preview:-1\" \/>\n<link rel=\"canonical\" href=\"https:\/\/www.blackblock.sk\/en\/strielacky-vo-vr\/\" \/>\n<meta property=\"og:locale\" content=\"en_GB\" \/>\n<meta property=\"og:type\" content=\"article\" \/>\n<meta property=\"og:title\" content=\"Strie\u013ea\u010dky vo VR\" \/>\n<meta property=\"og:description\" content=\"Perfektn\u00e1 z\u00e1bava a\u017e pre 8 hr\u00e1\u010dov spolo\u010dne. VR Strie\u013ea\u010dky vo virtu\u00e1lnej realite s\u00fa dobrodru\u017estv\u00e1 pln\u00e9 akcie a prekvapen\u00ed.\" \/>\n<meta property=\"og:url\" content=\"https:\/\/www.blackblock.sk\/en\/strielacky-vo-vr\/\" \/>\n<meta property=\"og:site_name\" content=\"BLACK BLOCK\" \/>\n<meta property=\"article:publisher\" content=\"https:\/\/www.facebook.com\/vrarenablackblock\" \/>\n<meta property=\"article:modified_time\" content=\"2025-09-23T08:13:29+00:00\" \/>\n<meta name=\"twitter:card\" content=\"summary_large_image\" \/>\n<meta name=\"twitter:label1\" content=\"Estimated reading time\" \/>\n\t<meta name=\"twitter:data1\" content=\"1 minute\" \/>\n<script type=\"application\/ld+json\" class=\"yoast-schema-graph\">{\"@context\":\"https:\/\/schema.org\",\"@graph\":[{\"@type\":\"WebPage\",\"@id\":\"https:\/\/www.blackblock.sk\/strielacky-vo-vr\",\"url\":\"https:\/\/www.blackblock.sk\/strielacky-vo-vr\",\"name\":\"VR strie\u013ea\u010dky lep\u0161ie ako Laser Game - Strie\u013ea\u010dky vo VR - BLACK BLOCK\",\"isPartOf\":{\"@id\":\"https:\/\/www.blackblock.sk\/#website\"},\"datePublished\":\"2025-07-06T19:23:32+00:00\",\"dateModified\":\"2025-09-23T08:13:29+00:00\",\"description\":\"Perfektn\u00e1 z\u00e1bava a\u017e pre 8 hr\u00e1\u010dov spolo\u010dne. VR Strie\u013ea\u010dky vo virtu\u00e1lnej realite s\u00fa dobrodru\u017estv\u00e1 pln\u00e9 akcie a prekvapen\u00ed.\",\"breadcrumb\":{\"@id\":\"https:\/\/www.blackblock.sk\/strielacky-vo-vr#breadcrumb\"},\"inLanguage\":\"en-GB\",\"potentialAction\":[{\"@type\":\"ReadAction\",\"target\":[\"https:\/\/www.blackblock.sk\/strielacky-vo-vr\"]}]},{\"@type\":\"BreadcrumbList\",\"@id\":\"https:\/\/www.blackblock.sk\/strielacky-vo-vr#breadcrumb\",\"itemListElement\":[{\"@type\":\"ListItem\",\"position\":1,\"name\":\"Domovsk\u00e1 str\u00e1nka\",\"item\":\"https:\/\/www.blackblock.sk\/\"},{\"@type\":\"ListItem\",\"position\":2,\"name\":\"Strie\u013ea\u010dky vo VR\"}]},{\"@type\":\"WebSite\",\"@id\":\"https:\/\/www.blackblock.sk\/#website\",\"url\":\"https:\/\/www.blackblock.sk\/\",\"name\":\"BLACK BLOCK\",\"description\":\"Z\u00e1bava na r\u00f4znych frontoch - VR, Escape, Quiz\",\"publisher\":{\"@id\":\"https:\/\/www.blackblock.sk\/#organization\"},\"potentialAction\":[{\"@type\":\"SearchAction\",\"target\":{\"@type\":\"EntryPoint\",\"urlTemplate\":\"https:\/\/www.blackblock.sk\/?s={search_term_string}\"},\"query-input\":{\"@type\":\"PropertyValueSpecification\",\"valueRequired\":true,\"valueName\":\"search_term_string\"}}],\"inLanguage\":\"en-GB\"},{\"@type\":\"Organization\",\"@id\":\"https:\/\/www.blackblock.sk\/#organization\",\"name\":\"BLACK BLOCK\",\"url\":\"https:\/\/www.blackblock.sk\/\",\"logo\":{\"@type\":\"ImageObject\",\"inLanguage\":\"en-GB\",\"@id\":\"https:\/\/www.blackblock.sk\/#\/schema\/logo\/image\/\",\"url\":\"https:\/\/www.blackblock.sk\/wp-content\/uploads\/2025\/07\/blackblock-escape-white-notext.png\",\"contentUrl\":\"https:\/\/www.blackblock.sk\/wp-content\/uploads\/2025\/07\/blackblock-escape-white-notext.png\",\"width\":622,\"height\":285,\"caption\":\"BLACK BLOCK\"},\"image\":{\"@id\":\"https:\/\/www.blackblock.sk\/#\/schema\/logo\/image\/\"},\"sameAs\":[\"https:\/\/www.facebook.com\/vrarenablackblock\",\"https:\/\/www.instagram.com\/blackblockzilina\/\"],\"description\":\"Z\u00e1bavn\u00e9 centrum s virtu\u00e1lnou realitou a\u017e pre 8 hr\u00e1\u010dov spolo\u010dne, s modern\u00fdmi \u00fanikov\u00fdmi hrami a interakt\u00edvou kv\u00edzovou hrou Quiz Arena a\u017e pre 12 hr\u00e1\u010dov.\",\"email\":\"arena@blackblock.sk\",\"telephone\":\"+421905702103\",\"legalName\":\"Epic Adventures, s.r.o.\",\"numberOfEmployees\":{\"@type\":\"QuantitativeValue\",\"minValue\":\"1\",\"maxValue\":\"10\"}}]}<\/script>\n<!-- \/ Yoast SEO Premium plugin. -->","yoast_head_json":{"title":"VR strie\u013ea\u010dky lep\u0161ie ako Laser Game - Strie\u013ea\u010dky vo VR - BLACK BLOCK","description":"Perfektn\u00e1 z\u00e1bava a\u017e pre 8 hr\u00e1\u010dov spolo\u010dne. VR Strie\u013ea\u010dky vo virtu\u00e1lnej realite s\u00fa dobrodru\u017estv\u00e1 pln\u00e9 akcie a prekvapen\u00ed.","robots":{"index":"index","follow":"follow","max-snippet":"max-snippet:-1","max-image-preview":"max-image-preview:large","max-video-preview":"max-video-preview:-1"},"canonical":"https:\/\/www.blackblock.sk\/en\/strielacky-vo-vr\/","og_locale":"en_GB","og_type":"article","og_title":"Strie\u013ea\u010dky vo VR","og_description":"Perfektn\u00e1 z\u00e1bava a\u017e pre 8 hr\u00e1\u010dov spolo\u010dne. VR Strie\u013ea\u010dky vo virtu\u00e1lnej realite s\u00fa dobrodru\u017estv\u00e1 pln\u00e9 akcie a prekvapen\u00ed.","og_url":"https:\/\/www.blackblock.sk\/en\/strielacky-vo-vr\/","og_site_name":"BLACK BLOCK","article_publisher":"https:\/\/www.facebook.com\/vrarenablackblock","article_modified_time":"2025-09-23T08:13:29+00:00","twitter_card":"summary_large_image","twitter_misc":{"Estimated reading time":"1 minute"},"schema":{"@context":"https:\/\/schema.org","@graph":[{"@type":"WebPage","@id":"https:\/\/www.blackblock.sk\/strielacky-vo-vr","url":"https:\/\/www.blackblock.sk\/strielacky-vo-vr","name":"VR strie\u013ea\u010dky lep\u0161ie ako Laser Game - Strie\u013ea\u010dky vo VR - BLACK BLOCK","isPartOf":{"@id":"https:\/\/www.blackblock.sk\/#website"},"datePublished":"2025-07-06T19:23:32+00:00","dateModified":"2025-09-23T08:13:29+00:00","description":"Perfektn\u00e1 z\u00e1bava a\u017e pre 8 hr\u00e1\u010dov spolo\u010dne. VR Strie\u013ea\u010dky vo virtu\u00e1lnej realite s\u00fa dobrodru\u017estv\u00e1 pln\u00e9 akcie a prekvapen\u00ed.","breadcrumb":{"@id":"https:\/\/www.blackblock.sk\/strielacky-vo-vr#breadcrumb"},"inLanguage":"en-GB","potentialAction":[{"@type":"ReadAction","target":["https:\/\/www.blackblock.sk\/strielacky-vo-vr"]}]},{"@type":"BreadcrumbList","@id":"https:\/\/www.blackblock.sk\/strielacky-vo-vr#breadcrumb","itemListElement":[{"@type":"ListItem","position":1,"name":"Domovsk\u00e1 str\u00e1nka","item":"https:\/\/www.blackblock.sk\/"},{"@type":"ListItem","position":2,"name":"Strie\u013ea\u010dky vo VR"}]},{"@type":"WebSite","@id":"https:\/\/www.blackblock.sk\/#website","url":"https:\/\/www.blackblock.sk\/","name":"BLACK BLOCK","description":"Fun on different fronts - VR, Escape, Quiz","publisher":{"@id":"https:\/\/www.blackblock.sk\/#organization"},"potentialAction":[{"@type":"SearchAction","target":{"@type":"EntryPoint","urlTemplate":"https:\/\/www.blackblock.sk\/?s={search_term_string}"},"query-input":{"@type":"PropertyValueSpecification","valueRequired":true,"valueName":"search_term_string"}}],"inLanguage":"en-GB"},{"@type":"Organization","@id":"https:\/\/www.blackblock.sk\/#organization","name":"BLACK BLOCK","url":"https:\/\/www.blackblock.sk\/","logo":{"@type":"ImageObject","inLanguage":"en-GB","@id":"https:\/\/www.blackblock.sk\/#\/schema\/logo\/image\/","url":"https:\/\/www.blackblock.sk\/wp-content\/uploads\/2025\/07\/blackblock-escape-white-notext.png","contentUrl":"https:\/\/www.blackblock.sk\/wp-content\/uploads\/2025\/07\/blackblock-escape-white-notext.png","width":622,"height":285,"caption":"BLACK BLOCK"},"image":{"@id":"https:\/\/www.blackblock.sk\/#\/schema\/logo\/image\/"},"sameAs":["https:\/\/www.facebook.com\/vrarenablackblock","https:\/\/www.instagram.com\/blackblockzilina\/"],"description":"A virtual reality entertainment centre for up to 8 players together, with modern escape games and the interactive quiz game Quiz Arena for up to 12 players.","email":"arena@blackblock.sk","telephone":"+421905702103","legalName":"Epic Adventures, s.r.o.","numberOfEmployees":{"@type":"QuantitativeValue","minValue":"1","maxValue":"10"}}]}},"_links":{"self":[{"href":"https:\/\/www.blackblock.sk\/en\/wp-json\/wp\/v2\/pages\/307","targetHints":{"allow":["GET"]}}],"collection":[{"href":"https:\/\/www.blackblock.sk\/en\/wp-json\/wp\/v2\/pages"}],"about":[{"href":"https:\/\/www.blackblock.sk\/en\/wp-json\/wp\/v2\/types\/page"}],"author":[{"embeddable":true,"href":"https:\/\/www.blackblock.sk\/en\/wp-json\/wp\/v2\/users\/1"}],"replies":[{"embeddable":true,"href":"https:\/\/www.blackblock.sk\/en\/wp-json\/wp\/v2\/comments?post=307"}],"version-history":[{"count":0,"href":"https:\/\/www.blackblock.sk\/en\/wp-json\/wp\/v2\/pages\/307\/revisions"}],"wp:attachment":[{"href":"https:\/\/www.blackblock.sk\/en\/wp-json\/wp\/v2\/media?parent=307"}],"curies":[{"name":"wp","href":"https:\/\/api.w.org\/{rel}","templated":true}]}}