{"id":1382,"date":"2025-08-14T19:41:03","date_gmt":"2025-08-14T17:41:03","guid":{"rendered":"https:\/\/www.blackblock.sk\/?page_id=1382"},"modified":"2026-04-09T05:10:24","modified_gmt":"2026-04-09T05:10:24","slug":"quiz-arena","status":"publish","type":"page","link":"https:\/\/www.blackblock.sk\/en\/quiz-arena","title":{"rendered":"QUIZ ARENA"},"content":{"rendered":"","protected":false},"excerpt":{"rendered":"","protected":false},"author":1,"featured_media":0,"parent":0,"menu_order":0,"comment_status":"closed","ping_status":"closed","template":"","meta":{"_acf_changed":false,"footnotes":""},"class_list":["post-1382","page","type-page","status-publish","hentry"],"acf":[],"yoast_head":"<!-- This site is optimized with the Yoast SEO Premium plugin v25.7.1 (Yoast SEO v25.7) - https:\/\/yoast.com\/wordpress\/plugins\/seo\/ -->\n<title>Interakt\u00edvna kv\u00edzov\u00e1 hra QUIZ ARENA - BLACK BLOCK<\/title>\n<meta name=\"description\" content=\"Origin\u00e1lna a z\u00e1bavn\u00e1 kv\u00edzov\u00e1 hra v \u0161t\u00fdle TV SHOW. S\u00fa\u0165a\u017ete medzi sebou a zistite, kto vie toho najviac. Vyberte si t\u00e9my a hrajte!\" \/>\n<meta name=\"robots\" content=\"index, follow, max-snippet:-1, max-image-preview:large, max-video-preview:-1\" \/>\n<link rel=\"canonical\" href=\"https:\/\/www.blackblock.sk\/en\/quiz-arena\/\" \/>\n<meta property=\"og:locale\" content=\"en_GB\" \/>\n<meta property=\"og:type\" content=\"article\" \/>\n<meta property=\"og:title\" content=\"QUIZ ARENA\" \/>\n<meta property=\"og:description\" content=\"Origin\u00e1lna a z\u00e1bavn\u00e1 kv\u00edzov\u00e1 hra v \u0161t\u00fdle TV SHOW. S\u00fa\u0165a\u017ete medzi sebou a zistite, kto vie toho najviac. Vyberte si t\u00e9my a hrajte!\" \/>\n<meta property=\"og:url\" content=\"https:\/\/www.blackblock.sk\/en\/quiz-arena\/\" \/>\n<meta property=\"og:site_name\" content=\"BLACK BLOCK\" \/>\n<meta property=\"article:publisher\" content=\"https:\/\/www.facebook.com\/vrarenablackblock\" \/>\n<meta property=\"article:modified_time\" content=\"2026-04-09T05:10:24+00:00\" \/>\n<meta name=\"twitter:card\" content=\"summary_large_image\" \/>\n<script type=\"application\/ld+json\" class=\"yoast-schema-graph\">{\"@context\":\"https:\/\/schema.org\",\"@graph\":[{\"@type\":\"WebPage\",\"@id\":\"https:\/\/www.blackblock.sk\/quiz-arena\",\"url\":\"https:\/\/www.blackblock.sk\/quiz-arena\",\"name\":\"Interakt\u00edvna kv\u00edzov\u00e1 hra QUIZ ARENA - BLACK BLOCK\",\"isPartOf\":{\"@id\":\"https:\/\/www.blackblock.sk\/#website\"},\"datePublished\":\"2025-08-14T17:41:03+00:00\",\"dateModified\":\"2026-04-09T05:10:24+00:00\",\"description\":\"Origin\u00e1lna a z\u00e1bavn\u00e1 kv\u00edzov\u00e1 hra v \u0161t\u00fdle TV SHOW. S\u00fa\u0165a\u017ete medzi sebou a zistite, kto vie toho najviac. Vyberte si t\u00e9my a hrajte!\",\"breadcrumb\":{\"@id\":\"https:\/\/www.blackblock.sk\/quiz-arena#breadcrumb\"},\"inLanguage\":\"en-GB\",\"potentialAction\":[{\"@type\":\"ReadAction\",\"target\":[\"https:\/\/www.blackblock.sk\/quiz-arena\"]}]},{\"@type\":\"BreadcrumbList\",\"@id\":\"https:\/\/www.blackblock.sk\/quiz-arena#breadcrumb\",\"itemListElement\":[{\"@type\":\"ListItem\",\"position\":1,\"name\":\"Domovsk\u00e1 str\u00e1nka\",\"item\":\"https:\/\/www.blackblock.sk\/\"},{\"@type\":\"ListItem\",\"position\":2,\"name\":\"QUIZ ARENA\"}]},{\"@type\":\"WebSite\",\"@id\":\"https:\/\/www.blackblock.sk\/#website\",\"url\":\"https:\/\/www.blackblock.sk\/\",\"name\":\"BLACK BLOCK\",\"description\":\"Z\u00e1bava na r\u00f4znych frontoch - VR, Escape, Quiz\",\"publisher\":{\"@id\":\"https:\/\/www.blackblock.sk\/#organization\"},\"potentialAction\":[{\"@type\":\"SearchAction\",\"target\":{\"@type\":\"EntryPoint\",\"urlTemplate\":\"https:\/\/www.blackblock.sk\/?s={search_term_string}\"},\"query-input\":{\"@type\":\"PropertyValueSpecification\",\"valueRequired\":true,\"valueName\":\"search_term_string\"}}],\"inLanguage\":\"en-GB\"},{\"@type\":\"Organization\",\"@id\":\"https:\/\/www.blackblock.sk\/#organization\",\"name\":\"BLACK BLOCK\",\"url\":\"https:\/\/www.blackblock.sk\/\",\"logo\":{\"@type\":\"ImageObject\",\"inLanguage\":\"en-GB\",\"@id\":\"https:\/\/www.blackblock.sk\/#\/schema\/logo\/image\/\",\"url\":\"https:\/\/www.blackblock.sk\/wp-content\/uploads\/2025\/07\/blackblock-escape-white-notext.png\",\"contentUrl\":\"https:\/\/www.blackblock.sk\/wp-content\/uploads\/2025\/07\/blackblock-escape-white-notext.png\",\"width\":622,\"height\":285,\"caption\":\"BLACK BLOCK\"},\"image\":{\"@id\":\"https:\/\/www.blackblock.sk\/#\/schema\/logo\/image\/\"},\"sameAs\":[\"https:\/\/www.facebook.com\/vrarenablackblock\",\"https:\/\/www.instagram.com\/blackblockzilina\/\"],\"description\":\"Z\u00e1bavn\u00e9 centrum s virtu\u00e1lnou realitou a\u017e pre 8 hr\u00e1\u010dov spolo\u010dne, s modern\u00fdmi \u00fanikov\u00fdmi hrami a interakt\u00edvou kv\u00edzovou hrou Quiz Arena a\u017e pre 12 hr\u00e1\u010dov.\",\"email\":\"arena@blackblock.sk\",\"telephone\":\"+421905702103\",\"legalName\":\"Epic Adventures, s.r.o.\",\"numberOfEmployees\":{\"@type\":\"QuantitativeValue\",\"minValue\":\"1\",\"maxValue\":\"10\"}}]}<\/script>\n<!-- \/ Yoast SEO Premium plugin. -->","yoast_head_json":{"title":"Interactive quiz game QUIZ ARENA - BLACK BLOCK","description":"An original and fun quiz game in the style of TV SHOW. Compete against each other and see who knows the most. Choose your topics and play!","robots":{"index":"index","follow":"follow","max-snippet":"max-snippet:-1","max-image-preview":"max-image-preview:large","max-video-preview":"max-video-preview:-1"},"canonical":"https:\/\/www.blackblock.sk\/en\/quiz-arena\/","og_locale":"en_GB","og_type":"article","og_title":"QUIZ ARENA","og_description":"Origin\u00e1lna a z\u00e1bavn\u00e1 kv\u00edzov\u00e1 hra v \u0161t\u00fdle TV SHOW. S\u00fa\u0165a\u017ete medzi sebou a zistite, kto vie toho najviac. Vyberte si t\u00e9my a hrajte!","og_url":"https:\/\/www.blackblock.sk\/en\/quiz-arena\/","og_site_name":"BLACK BLOCK","article_publisher":"https:\/\/www.facebook.com\/vrarenablackblock","article_modified_time":"2026-04-09T05:10:24+00:00","twitter_card":"summary_large_image","schema":{"@context":"https:\/\/schema.org","@graph":[{"@type":"WebPage","@id":"https:\/\/www.blackblock.sk\/quiz-arena","url":"https:\/\/www.blackblock.sk\/quiz-arena","name":"Interactive quiz game QUIZ ARENA - BLACK BLOCK","isPartOf":{"@id":"https:\/\/www.blackblock.sk\/#website"},"datePublished":"2025-08-14T17:41:03+00:00","dateModified":"2026-04-09T05:10:24+00:00","description":"An original and fun quiz game in the style of TV SHOW. Compete against each other and see who knows the most. Choose your topics and play!","breadcrumb":{"@id":"https:\/\/www.blackblock.sk\/quiz-arena#breadcrumb"},"inLanguage":"en-GB","potentialAction":[{"@type":"ReadAction","target":["https:\/\/www.blackblock.sk\/quiz-arena"]}]},{"@type":"BreadcrumbList","@id":"https:\/\/www.blackblock.sk\/quiz-arena#breadcrumb","itemListElement":[{"@type":"ListItem","position":1,"name":"Domovsk\u00e1 str\u00e1nka","item":"https:\/\/www.blackblock.sk\/"},{"@type":"ListItem","position":2,"name":"QUIZ ARENA"}]},{"@type":"WebSite","@id":"https:\/\/www.blackblock.sk\/#website","url":"https:\/\/www.blackblock.sk\/","name":"BLACK BLOCK","description":"Fun on different fronts - VR, Escape, Quiz","publisher":{"@id":"https:\/\/www.blackblock.sk\/#organization"},"potentialAction":[{"@type":"SearchAction","target":{"@type":"EntryPoint","urlTemplate":"https:\/\/www.blackblock.sk\/?s={search_term_string}"},"query-input":{"@type":"PropertyValueSpecification","valueRequired":true,"valueName":"search_term_string"}}],"inLanguage":"en-GB"},{"@type":"Organization","@id":"https:\/\/www.blackblock.sk\/#organization","name":"BLACK BLOCK","url":"https:\/\/www.blackblock.sk\/","logo":{"@type":"ImageObject","inLanguage":"en-GB","@id":"https:\/\/www.blackblock.sk\/#\/schema\/logo\/image\/","url":"https:\/\/www.blackblock.sk\/wp-content\/uploads\/2025\/07\/blackblock-escape-white-notext.png","contentUrl":"https:\/\/www.blackblock.sk\/wp-content\/uploads\/2025\/07\/blackblock-escape-white-notext.png","width":622,"height":285,"caption":"BLACK BLOCK"},"image":{"@id":"https:\/\/www.blackblock.sk\/#\/schema\/logo\/image\/"},"sameAs":["https:\/\/www.facebook.com\/vrarenablackblock","https:\/\/www.instagram.com\/blackblockzilina\/"],"description":"A virtual reality entertainment centre for up to 8 players together, with modern escape games and the interactive quiz game Quiz Arena for up to 12 players.","email":"arena@blackblock.sk","telephone":"+421905702103","legalName":"Epic Adventures, s.r.o.","numberOfEmployees":{"@type":"QuantitativeValue","minValue":"1","maxValue":"10"}}]}},"_links":{"self":[{"href":"https:\/\/www.blackblock.sk\/en\/wp-json\/wp\/v2\/pages\/1382","targetHints":{"allow":["GET"]}}],"collection":[{"href":"https:\/\/www.blackblock.sk\/en\/wp-json\/wp\/v2\/pages"}],"about":[{"href":"https:\/\/www.blackblock.sk\/en\/wp-json\/wp\/v2\/types\/page"}],"author":[{"embeddable":true,"href":"https:\/\/www.blackblock.sk\/en\/wp-json\/wp\/v2\/users\/1"}],"replies":[{"embeddable":true,"href":"https:\/\/www.blackblock.sk\/en\/wp-json\/wp\/v2\/comments?post=1382"}],"version-history":[{"count":0,"href":"https:\/\/www.blackblock.sk\/en\/wp-json\/wp\/v2\/pages\/1382\/revisions"}],"wp:attachment":[{"href":"https:\/\/www.blackblock.sk\/en\/wp-json\/wp\/v2\/media?parent=1382"}],"curies":[{"name":"wp","href":"https:\/\/api.w.org\/{rel}","templated":true}]}}